{"id":1779,"date":"2025-09-18T20:00:52","date_gmt":"2025-09-18T18:00:52","guid":{"rendered":"https:\/\/project-steel.com\/polityka-prywatnosci\/"},"modified":"2025-09-18T20:18:26","modified_gmt":"2025-09-18T18:18:26","slug":"datenschutzerklaerung","status":"publish","type":"page","link":"https:\/\/project-steel.com\/de\/datenschutzerklaerung\/","title":{"rendered":"Datenschutzerkl\u00e4rung"},"content":{"rendered":"<style>.kb-row-layout-id1779_084e22-86 > .kt-row-column-wrap{align-content:start;}:where(.kb-row-layout-id1779_084e22-86 > .kt-row-column-wrap) > .wp-block-kadence-column{justify-content:start;}.kb-row-layout-id1779_084e22-86 > .kt-row-column-wrap{column-gap:var(--global-kb-gap-md, 2rem);row-gap:var(--global-kb-gap-md, 2rem);max-width:var( --global-content-width, 1290px );padding-left:var(--global-content-edge-padding);padding-right:var(--global-content-edge-padding);padding-top:var(--global-kb-spacing-sm, 1.5rem);padding-bottom:var(--global-kb-spacing-sm, 1.5rem);grid-template-columns:minmax(0, 1fr);}.kb-row-layout-id1779_084e22-86 > .kt-row-layout-overlay{opacity:0.30;}@media all and (max-width: 1024px){.kb-row-layout-id1779_084e22-86 > .kt-row-column-wrap{grid-template-columns:minmax(0, 1fr);}}@media all and (max-width: 767px){.kb-row-layout-id1779_084e22-86 > .kt-row-column-wrap{grid-template-columns:minmax(0, 1fr);}}<\/style><div class=\"kb-row-layout-wrap kb-row-layout-id1779_084e22-86 alignfull has-theme-palette9-background-color kt-row-has-bg wp-block-kadence-rowlayout\"><div class=\"kt-row-column-wrap kt-has-1-columns kt-row-layout-equal kt-tab-layout-inherit kt-mobile-layout-row kt-row-valign-top kb-theme-content-width\">\n<style>.kadence-column1779_4ac147-4d > .kt-inside-inner-col,.kadence-column1779_4ac147-4d > .kt-inside-inner-col:before{border-top-left-radius:0px;border-top-right-radius:0px;border-bottom-right-radius:0px;border-bottom-left-radius:0px;}.kadence-column1779_4ac147-4d > .kt-inside-inner-col{column-gap:var(--global-kb-gap-sm, 1rem);}.kadence-column1779_4ac147-4d > .kt-inside-inner-col{flex-direction:column;}.kadence-column1779_4ac147-4d > .kt-inside-inner-col > .aligncenter{width:100%;}.kadence-column1779_4ac147-4d > .kt-inside-inner-col:before{opacity:0.3;}.kadence-column1779_4ac147-4d{position:relative;}@media all and (max-width: 1024px){.kadence-column1779_4ac147-4d > .kt-inside-inner-col{flex-direction:column;justify-content:center;}}@media all and (max-width: 767px){.kadence-column1779_4ac147-4d > .kt-inside-inner-col{flex-direction:column;justify-content:center;}}<\/style>\n<div class=\"wp-block-kadence-column kadence-column1779_4ac147-4d\"><div class=\"kt-inside-inner-col\">\n<h1 class=\"wp-block-heading has-text-align-center\">Datenschutzerkl\u00e4rung<\/h1>\n<\/div><\/div>\n\n<\/div><\/div>\n\n<style>.kb-row-layout-id1779_64878f-f3 > .kt-row-column-wrap{align-content:start;}:where(.kb-row-layout-id1779_64878f-f3 > .kt-row-column-wrap) > .wp-block-kadence-column{justify-content:start;}.kb-row-layout-id1779_64878f-f3 > .kt-row-column-wrap{column-gap:var(--global-kb-gap-md, 2rem);row-gap:var(--global-kb-gap-md, 2rem);max-width:var( --global-content-width, 1290px );padding-left:var(--global-content-edge-padding);padding-right:var(--global-content-edge-padding);padding-top:var(--global-kb-spacing-xl, 4rem);padding-bottom:var(--global-kb-spacing-xl, 4rem);grid-template-columns:minmax(0, 1fr);}.kb-row-layout-id1779_64878f-f3 > .kt-row-layout-overlay{opacity:0.30;}@media all and (max-width: 1024px){.kb-row-layout-id1779_64878f-f3 > .kt-row-column-wrap{grid-template-columns:minmax(0, 1fr);}}@media all and (max-width: 767px){.kb-row-layout-id1779_64878f-f3 > .kt-row-column-wrap{grid-template-columns:minmax(0, 1fr);}}<\/style><div class=\"kb-row-layout-wrap kb-row-layout-id1779_64878f-f3 alignfull wp-block-kadence-rowlayout\"><div class=\"kt-row-column-wrap kt-has-1-columns kt-row-layout-equal kt-tab-layout-inherit kt-mobile-layout-row kt-row-valign-top kb-theme-content-width\">\n<style>.kadence-column1779_3ef8dc-37 > .kt-inside-inner-col,.kadence-column1779_3ef8dc-37 > .kt-inside-inner-col:before{border-top-left-radius:0px;border-top-right-radius:0px;border-bottom-right-radius:0px;border-bottom-left-radius:0px;}.kadence-column1779_3ef8dc-37 > .kt-inside-inner-col{column-gap:var(--global-kb-gap-sm, 1rem);}.kadence-column1779_3ef8dc-37 > .kt-inside-inner-col{flex-direction:column;}.kadence-column1779_3ef8dc-37 > .kt-inside-inner-col > .aligncenter{width:100%;}.kadence-column1779_3ef8dc-37 > .kt-inside-inner-col:before{opacity:0.3;}.kadence-column1779_3ef8dc-37{position:relative;}@media all and (max-width: 1024px){.kadence-column1779_3ef8dc-37 > .kt-inside-inner-col{flex-direction:column;justify-content:center;}}@media all and (max-width: 767px){.kadence-column1779_3ef8dc-37 > .kt-inside-inner-col{flex-direction:column;justify-content:center;}}<\/style>\n<div class=\"wp-block-kadence-column kadence-column1779_3ef8dc-37\"><div class=\"kt-inside-inner-col\"><style>.wp-block-kadence-advancedheading.kt-adv-heading1779_7fbe1a-24, .wp-block-kadence-advancedheading.kt-adv-heading1779_7fbe1a-24[data-kb-block=\"kb-adv-heading1779_7fbe1a-24\"]{font-size:25px;font-style:normal;}.wp-block-kadence-advancedheading.kt-adv-heading1779_7fbe1a-24 mark.kt-highlight, .wp-block-kadence-advancedheading.kt-adv-heading1779_7fbe1a-24[data-kb-block=\"kb-adv-heading1779_7fbe1a-24\"] mark.kt-highlight{font-style:normal;color:#f76a0c;-webkit-box-decoration-break:clone;box-decoration-break:clone;padding-top:0px;padding-right:0px;padding-bottom:0px;padding-left:0px;}.wp-block-kadence-advancedheading.kt-adv-heading1779_7fbe1a-24 img.kb-inline-image, .wp-block-kadence-advancedheading.kt-adv-heading1779_7fbe1a-24[data-kb-block=\"kb-adv-heading1779_7fbe1a-24\"] img.kb-inline-image{width:150px;vertical-align:baseline;}<\/style>\n<h2 class=\"kt-adv-heading1779_7fbe1a-24 wp-block-kadence-advancedheading\" data-kb-block=\"kb-adv-heading1779_7fbe1a-24\">1. Verantwortlicher<\/h2>\n\n\n\n<p>Verantwortlich f\u00fcr die Verarbeitung Ihrer pers\u00f6nlichen Daten ist Project Steel Sp. z o.o. mit Sitz in ul. Wolnosci 121,41-500 Chorzow, Handelsregisternummer \/ Firmennummer: 6272777088. Kontakt: E-Mail: biuro@project-steel.com, Telefon: +48 534 441 392.<\/p>\n\n\n\n<h3 class=\"wp-block-heading\">2. Welche Daten wir erheben &amp; wozu<\/h3>\n\n\n\n<p>Wir erheben und verarbeiten personenbezogene Daten, die Sie uns \u00fcber Kontaktformulare, auf Messen oder \u00fcber unsere Website \u00fcbermitteln. Dies kann umfassen: Name, Position, Firmenname, E-Mail-Adresse, Telefonnummer sowie projektrelevante oder anfragebezogene Angaben.<\/p>\n\n\n\n<p>Wir verwenden diese Daten zu folgenden Zwecken:<\/p>\n\n\n\n<ul class=\"wp-block-list\">\n<li>Beantwortung Ihrer Anfragen,<\/li>\n\n\n\n<li>Erstellung von kommerziellen Angeboten,<\/li>\n\n\n\n<li>Fortf\u00fchrung von Gesch\u00e4ftskontakten (Follow-Up),<\/li>\n\n\n\n<li>Versenden von Newslettern, sofern Sie eingewilligt haben,<\/li>\n\n\n\n<li>Durchf\u00fchrung von Marketing- und Werbeaktivit\u00e4ten,<\/li>\n\n\n\n<li>Einhaltung gesetzlicher Verpflichtungen.<\/li>\n<\/ul>\n\n\n\n<h3 class=\"wp-block-heading\">3. Rechtsgrundlagen der Verarbeitung<\/h3>\n\n\n\n<p>Wir verarbeiten personenbezogene Daten auf Basis von:<\/p>\n\n\n\n<ul class=\"wp-block-list\">\n<li>Ihrer Einwilligung (z.\u202fB. wenn Sie zustimmen, kontaktiert zu werden oder Marketingmaterialien zu erhalten),<\/li>\n\n\n\n<li>Erforderlichkeit zur Durchf\u00fchrung eines Vertrags oder zur Ergreifung von Ma\u00dfnahmen vor Vertragsabschluss,<\/li>\n\n\n\n<li>unserem berechtigten Interesse (z.\u202fB. Marketing, Gesch\u00e4ftsentwicklung, Kundenbeziehungspflege), sofern Ihre Rechte und Freiheiten dadurch nicht \u00fcberwiegen.<\/li>\n<\/ul>\n\n\n\n<h3 class=\"wp-block-heading\">4. Datenweitergabe \/ Empf\u00e4nger<\/h3>\n\n\n\n<p>Ihre Daten k\u00f6nnen weitergegeben werden an:<\/p>\n\n\n\n<ul class=\"wp-block-list\">\n<li>Mitarbeiter von Project Steel,<\/li>\n\n\n\n<li>Dienstleister oder Partner, die f\u00fcr uns t\u00e4tig sind (IT, Hosting, Versand, Marketing, Buchhaltung),<\/li>\n\n\n\n<li>zust\u00e4ndige Beh\u00f6rden, falls gesetzlich vorgeschrieben.<\/li>\n<\/ul>\n\n\n\n<p>Wir \u00fcbermitteln personenbezogene Daten nicht au\u00dferhalb des Europ\u00e4ischen Wirtschaftsraums (EWR), es sei denn, es sind angemessene Schutzma\u00dfnahmen getroffen (z.\u202fB. Standardvertragsklauseln der EU oder andere genehmigte Mechanismen).<\/p>\n\n\n\n<h3 class=\"wp-block-heading\">5. Aufbewahrungsdauer<\/h3>\n\n\n\n<p>Wir bewahren personenbezogene Daten so lange auf, wie es f\u00fcr die Zwecke erforderlich ist, f\u00fcr die sie gesammelt wurden, z.\u202fB.:<\/p>\n\n\n\n<ul class=\"wp-block-list\">\n<li>bis Abschluss eines Projekts oder eines Vertrags,<\/li>\n\n\n\n<li>f\u00fcr Marketingzwecke \u2013 bis Sie Ihre Einwilligung widerrufen,<\/li>\n\n\n\n<li>wie gesetzlich oder regulatorisch vorgeschrieben.<\/li>\n<\/ul>\n\n\n\n<h3 class=\"wp-block-heading\">6. Betroffenenrechte <\/h3>\n\n\n\n<p>Sie haben folgende Rechte nach Datenschutzrecht:<\/p>\n\n\n\n<ul class=\"wp-block-list\">\n<li>Auskunft \u00fcber Ihre gespeicherten personenbezogenen Daten,<\/li>\n\n\n\n<li>Berichtigung unrichtiger Daten,<\/li>\n\n\n\n<li>L\u00f6schung (\u201eRecht auf Vergessenwerden\u201c), soweit anwendbar,<\/li>\n\n\n\n<li>Einschr\u00e4nkung der Verarbeitung,<\/li>\n\n\n\n<li>Widerspruch gegen die Verarbeitung, insbesondere zu Marketingzwecken,<\/li>\n\n\n\n<li>Daten\u00fcbertragbarkeit, soweit m\u00f6glich,<\/li>\n\n\n\n<li>Widerruf der Einwilligung jederzeit (wenn Verarbeitung auf Einwilligung beruht), ohne Beeintr\u00e4chtigung der Rechtm\u00e4\u00dfigkeit der bis dahin erfolgten Verarbeitung,<\/li>\n\n\n\n<li>Beschwerde bei der zust\u00e4ndigen Aufsichtsbeh\u00f6rde.<\/li>\n<\/ul>\n\n\n\n<h3 class=\"wp-block-heading\">7. Datensicherheit<\/h3>\n\n\n\n<p>Wir setzen geeignete technische und organisatorische Ma\u00dfnahmen ein, um Ihre Daten gegen unbefugten Zugriff, Verlust, Besch\u00e4digung oder Offenlegung zu sch\u00fctzen. Der Zugang zu Daten ist auf autorisierte Personen beschr\u00e4nkt, die diese zur Erf\u00fcllung ihrer Aufgaben ben\u00f6tigen.<\/p>\n\n\n\n<h3 class=\"wp-block-heading\">8. Cookies und \u00e4hnliche Technologien<\/h3>\n\n\n\n<p>Unsere Webseite verwendet Cookies, um:<\/p>\n\n\n\n<ul class=\"wp-block-list\">\n<li>den korrekten Betrieb der Webseite sicherzustellen,<\/li>\n\n\n\n<li>den Verkehr und die Nutzung f\u00fcr statistische Zwecke zu analysieren,<\/li>\n\n\n\n<li>Marketing und Werbung zu betreiben (wenn Sie zugestimmt haben).<\/li>\n<\/ul>\n\n\n\n<p>Sie k\u00f6nnen Cookie-Einstellungen in Ihrem Browser verwalten oder \u00fcber die auf unserer Webseite bereitgestellten Einstellungen.<\/p>\n\n\n\n<h3 class=\"wp-block-heading\">9. \u00c4nderungen dieser Datenschutzerkl\u00e4rung <\/h3>\n\n\n\n<p>Wir behalten uns das Recht vor, diese Datenschutzerkl\u00e4rung gelegentlich zu \u00e4ndern. \u00dcber wesentliche \u00c4nderungen werden wir Sie \u00fcber unsere Webseite oder per E-Mail benachrichtigen (sofern diese Kontaktm\u00f6glichkeit besteht).<\/p>\n<\/div><\/div>\n\n<\/div><\/div>","protected":false},"excerpt":{"rendered":"<p>Datenschutzerkl\u00e4rung 1. Verantwortlicher Verantwortlich f\u00fcr die Verarbeitung Ihrer pers\u00f6nlichen Daten ist Project Steel Sp. z o.o. mit Sitz in ul. Wolnosci 121,41-500 Chorzow, Handelsregisternummer \/ Firmennummer: 6272777088. Kontakt: E-Mail: biuro@project-steel.com, Telefon: +48 534 441 392. 2. Welche Daten wir erheben &amp; wozu Wir erheben und verarbeiten personenbezogene Daten, die Sie uns \u00fcber Kontaktformulare, auf Messen&#8230;<\/p>\n","protected":false},"author":1,"featured_media":0,"parent":0,"menu_order":0,"comment_status":"closed","ping_status":"closed","template":"","meta":{"_kad_blocks_custom_css":"","_kad_blocks_head_custom_js":"","_kad_blocks_body_custom_js":"","_kad_blocks_footer_custom_js":"","_kad_post_transparent":"","_kad_post_title":"","_kad_post_layout":"","_kad_post_sidebar_id":"","_kad_post_content_style":"","_kad_post_vertical_padding":"","_kad_post_feature":"","_kad_post_feature_position":"","_kad_post_header":false,"_kad_post_footer":false,"_kad_post_classname":"","footnotes":""},"class_list":["post-1779","page","type-page","status-publish","hentry"],"yoast_head":"<!-- This site is optimized with the Yoast SEO plugin v27.3 - https:\/\/yoast.com\/product\/yoast-seo-wordpress\/ -->\n<title>Datenschutzerkl\u00e4rung - Project steel<\/title>\n<meta name=\"robots\" content=\"index, follow, max-snippet:-1, max-image-preview:large, max-video-preview:-1\" \/>\n<link rel=\"canonical\" href=\"https:\/\/project-steel.com\/de\/datenschutzerklaerung\/\" \/>\n<meta property=\"og:locale\" content=\"de_DE\" \/>\n<meta property=\"og:type\" content=\"article\" \/>\n<meta property=\"og:title\" content=\"Datenschutzerkl\u00e4rung - Project steel\" \/>\n<meta property=\"og:description\" content=\"Datenschutzerkl\u00e4rung 1. Verantwortlicher Verantwortlich f\u00fcr die Verarbeitung Ihrer pers\u00f6nlichen Daten ist Project Steel Sp. z o.o. mit Sitz in ul. Wolnosci 121,41-500 Chorzow, Handelsregisternummer \/ Firmennummer: 6272777088. Kontakt: E-Mail: biuro@project-steel.com, Telefon: +48 534 441 392. 2. Welche Daten wir erheben &amp; wozu Wir erheben und verarbeiten personenbezogene Daten, die Sie uns \u00fcber Kontaktformulare, auf Messen...\" \/>\n<meta property=\"og:url\" content=\"https:\/\/project-steel.com\/de\/datenschutzerklaerung\/\" \/>\n<meta property=\"og:site_name\" content=\"Project steel\" \/>\n<meta property=\"article:modified_time\" content=\"2025-09-18T18:18:26+00:00\" \/>\n<meta name=\"twitter:card\" content=\"summary_large_image\" \/>\n<meta name=\"twitter:label1\" content=\"Gesch\u00e4tzte Lesezeit\" \/>\n\t<meta name=\"twitter:data1\" content=\"3\u00a0Minuten\" \/>\n<script type=\"application\/ld+json\" class=\"yoast-schema-graph\">{\"@context\":\"https:\\\/\\\/schema.org\",\"@graph\":[{\"@type\":\"WebPage\",\"@id\":\"https:\\\/\\\/project-steel.com\\\/de\\\/datenschutzerklaerung\\\/\",\"url\":\"https:\\\/\\\/project-steel.com\\\/de\\\/datenschutzerklaerung\\\/\",\"name\":\"Datenschutzerkl\u00e4rung - Project steel\",\"isPartOf\":{\"@id\":\"https:\\\/\\\/project-steel.com\\\/de\\\/#website\"},\"datePublished\":\"2025-09-18T18:00:52+00:00\",\"dateModified\":\"2025-09-18T18:18:26+00:00\",\"breadcrumb\":{\"@id\":\"https:\\\/\\\/project-steel.com\\\/de\\\/datenschutzerklaerung\\\/#breadcrumb\"},\"inLanguage\":\"de\",\"potentialAction\":[{\"@type\":\"ReadAction\",\"target\":[\"https:\\\/\\\/project-steel.com\\\/de\\\/datenschutzerklaerung\\\/\"]}]},{\"@type\":\"BreadcrumbList\",\"@id\":\"https:\\\/\\\/project-steel.com\\\/de\\\/datenschutzerklaerung\\\/#breadcrumb\",\"itemListElement\":[{\"@type\":\"ListItem\",\"position\":1,\"name\":\"Strona g\u0142\u00f3wna\",\"item\":\"https:\\\/\\\/project-steel.com\\\/de\\\/\"},{\"@type\":\"ListItem\",\"position\":2,\"name\":\"Datenschutzerkl\u00e4rung\"}]},{\"@type\":\"WebSite\",\"@id\":\"https:\\\/\\\/project-steel.com\\\/de\\\/#website\",\"url\":\"https:\\\/\\\/project-steel.com\\\/de\\\/\",\"name\":\"project-steel.com\",\"description\":\"\",\"publisher\":{\"@id\":\"https:\\\/\\\/project-steel.com\\\/de\\\/#organization\"},\"potentialAction\":[{\"@type\":\"SearchAction\",\"target\":{\"@type\":\"EntryPoint\",\"urlTemplate\":\"https:\\\/\\\/project-steel.com\\\/de\\\/?s={search_term_string}\"},\"query-input\":{\"@type\":\"PropertyValueSpecification\",\"valueRequired\":true,\"valueName\":\"search_term_string\"}}],\"inLanguage\":\"de\"},{\"@type\":\"Organization\",\"@id\":\"https:\\\/\\\/project-steel.com\\\/de\\\/#organization\",\"name\":\"project-steel.com\",\"url\":\"https:\\\/\\\/project-steel.com\\\/de\\\/\",\"logo\":{\"@type\":\"ImageObject\",\"inLanguage\":\"de\",\"@id\":\"https:\\\/\\\/project-steel.com\\\/de\\\/#\\\/schema\\\/logo\\\/image\\\/\",\"url\":\"https:\\\/\\\/project-steel.com\\\/wp-content\\\/uploads\\\/2023\\\/05\\\/webpc-passthru.png\",\"contentUrl\":\"https:\\\/\\\/project-steel.com\\\/wp-content\\\/uploads\\\/2023\\\/05\\\/webpc-passthru.png\",\"width\":165,\"height\":103,\"caption\":\"project-steel.com\"},\"image\":{\"@id\":\"https:\\\/\\\/project-steel.com\\\/de\\\/#\\\/schema\\\/logo\\\/image\\\/\"}}]}<\/script>\n<!-- \/ Yoast SEO plugin. -->","yoast_head_json":{"title":"Datenschutzerkl\u00e4rung - Project steel","robots":{"index":"index","follow":"follow","max-snippet":"max-snippet:-1","max-image-preview":"max-image-preview:large","max-video-preview":"max-video-preview:-1"},"canonical":"https:\/\/project-steel.com\/de\/datenschutzerklaerung\/","og_locale":"de_DE","og_type":"article","og_title":"Datenschutzerkl\u00e4rung - Project steel","og_description":"Datenschutzerkl\u00e4rung 1. Verantwortlicher Verantwortlich f\u00fcr die Verarbeitung Ihrer pers\u00f6nlichen Daten ist Project Steel Sp. z o.o. mit Sitz in ul. Wolnosci 121,41-500 Chorzow, Handelsregisternummer \/ Firmennummer: 6272777088. Kontakt: E-Mail: biuro@project-steel.com, Telefon: +48 534 441 392. 2. Welche Daten wir erheben &amp; wozu Wir erheben und verarbeiten personenbezogene Daten, die Sie uns \u00fcber Kontaktformulare, auf Messen...","og_url":"https:\/\/project-steel.com\/de\/datenschutzerklaerung\/","og_site_name":"Project steel","article_modified_time":"2025-09-18T18:18:26+00:00","twitter_card":"summary_large_image","twitter_misc":{"Gesch\u00e4tzte Lesezeit":"3\u00a0Minuten"},"schema":{"@context":"https:\/\/schema.org","@graph":[{"@type":"WebPage","@id":"https:\/\/project-steel.com\/de\/datenschutzerklaerung\/","url":"https:\/\/project-steel.com\/de\/datenschutzerklaerung\/","name":"Datenschutzerkl\u00e4rung - Project steel","isPartOf":{"@id":"https:\/\/project-steel.com\/de\/#website"},"datePublished":"2025-09-18T18:00:52+00:00","dateModified":"2025-09-18T18:18:26+00:00","breadcrumb":{"@id":"https:\/\/project-steel.com\/de\/datenschutzerklaerung\/#breadcrumb"},"inLanguage":"de","potentialAction":[{"@type":"ReadAction","target":["https:\/\/project-steel.com\/de\/datenschutzerklaerung\/"]}]},{"@type":"BreadcrumbList","@id":"https:\/\/project-steel.com\/de\/datenschutzerklaerung\/#breadcrumb","itemListElement":[{"@type":"ListItem","position":1,"name":"Strona g\u0142\u00f3wna","item":"https:\/\/project-steel.com\/de\/"},{"@type":"ListItem","position":2,"name":"Datenschutzerkl\u00e4rung"}]},{"@type":"WebSite","@id":"https:\/\/project-steel.com\/de\/#website","url":"https:\/\/project-steel.com\/de\/","name":"project-steel.com","description":"","publisher":{"@id":"https:\/\/project-steel.com\/de\/#organization"},"potentialAction":[{"@type":"SearchAction","target":{"@type":"EntryPoint","urlTemplate":"https:\/\/project-steel.com\/de\/?s={search_term_string}"},"query-input":{"@type":"PropertyValueSpecification","valueRequired":true,"valueName":"search_term_string"}}],"inLanguage":"de"},{"@type":"Organization","@id":"https:\/\/project-steel.com\/de\/#organization","name":"project-steel.com","url":"https:\/\/project-steel.com\/de\/","logo":{"@type":"ImageObject","inLanguage":"de","@id":"https:\/\/project-steel.com\/de\/#\/schema\/logo\/image\/","url":"https:\/\/project-steel.com\/wp-content\/uploads\/2023\/05\/webpc-passthru.png","contentUrl":"https:\/\/project-steel.com\/wp-content\/uploads\/2023\/05\/webpc-passthru.png","width":165,"height":103,"caption":"project-steel.com"},"image":{"@id":"https:\/\/project-steel.com\/de\/#\/schema\/logo\/image\/"}}]}},"taxonomy_info":[],"featured_image_src_large":false,"author_info":{"display_name":"gootek","author_link":"https:\/\/project-steel.com\/de\/author\/gootek\/"},"comment_info":0,"_links":{"self":[{"href":"https:\/\/project-steel.com\/de\/wp-json\/wp\/v2\/pages\/1779","targetHints":{"allow":["GET"]}}],"collection":[{"href":"https:\/\/project-steel.com\/de\/wp-json\/wp\/v2\/pages"}],"about":[{"href":"https:\/\/project-steel.com\/de\/wp-json\/wp\/v2\/types\/page"}],"author":[{"embeddable":true,"href":"https:\/\/project-steel.com\/de\/wp-json\/wp\/v2\/users\/1"}],"replies":[{"embeddable":true,"href":"https:\/\/project-steel.com\/de\/wp-json\/wp\/v2\/comments?post=1779"}],"version-history":[{"count":2,"href":"https:\/\/project-steel.com\/de\/wp-json\/wp\/v2\/pages\/1779\/revisions"}],"predecessor-version":[{"id":1785,"href":"https:\/\/project-steel.com\/de\/wp-json\/wp\/v2\/pages\/1779\/revisions\/1785"}],"wp:attachment":[{"href":"https:\/\/project-steel.com\/de\/wp-json\/wp\/v2\/media?parent=1779"}],"curies":[{"name":"wp","href":"https:\/\/api.w.org\/{rel}","templated":true}]}}